{"id":361,"date":"2025-07-10T21:36:17","date_gmt":"2025-07-10T21:36:17","guid":{"rendered":"https:\/\/dyversusventure.com\/services\/"},"modified":"2025-07-15T20:06:06","modified_gmt":"2025-07-15T20:06:06","slug":"services","status":"publish","type":"page","link":"https:\/\/dyversusventure.com\/en\/services\/","title":{"rendered":"Services"},"content":{"rendered":"<div class=\"wp-block-uagb-container uagb-block-ddbe5c65 alignfull uagb-is-root-container\"><div class=\"uagb-container-inner-blocks-wrap\">\n<div class=\"wp-block-uagb-advanced-heading uagb-block-fa4e7c56\"><h1 class=\"uagb-heading-text\">Our Services<\/h1><p class=\"uagb-desc-text\">We offer a wide range of engineering services, from repairs to replacements, for both residential and industrial facilities.<\/p><\/div>\n<\/div><\/div>\n\n\n\n<div class=\"wp-block-uagb-container uagb-block-769b6847 alignfull uagb-is-root-container\"><div class=\"uagb-container-inner-blocks-wrap\">\n<div class=\"wp-block-uagb-advanced-heading uagb-block-49143d4d\"><h2 class=\"uagb-heading-text\">How Can We Help You?<\/h2><\/div>\n\n\n\n<div class=\"wp-block-uagb-container uagb-layout-grid uagb-block-132ede22\">\n<div class=\"wp-block-uagb-info-box uagb-block-0669c3ff uagb-infobox__content-wrap  uagb-infobox-icon-above-title uagb-infobox-image-valign-top\"><div class=\"uagb-ifb-content\"><div class=\"uagb-ifb-image-content\"><img decoding=\"async\" src=\"https:\/\/dyversusventure.com\/wp-content\/uploads\/2025\/07\/Electricity-5-1920.jpg\" alt=\"electricity 5 1920\" width=\"1920\" height=\"1280\" loading=\"lazy\" title=\"Services\"><\/div><div class=\"uagb-ifb-title-wrap\"><h4 class=\"uagb-ifb-title\">Industrial Electricity\u200b<\/h4><\/div><p class=\"uagb-ifb-desc\">Electrical installations, Electrical panels and control boards, Energy efficiency.<\/p><\/div><\/div>\n\n\n\n<div class=\"wp-block-uagb-info-box uagb-block-9a931b37 uagb-infobox__content-wrap  uagb-infobox-icon-above-title uagb-infobox-image-valign-top\"><div class=\"uagb-ifb-content\"><div class=\"uagb-ifb-image-content\"><img decoding=\"async\" src=\"https:\/\/dyversusventure.com\/wp-content\/uploads\/2025\/07\/GestaoAgua.jpg\" alt=\"gestaoagua\" width=\"1000\" height=\"676\" loading=\"lazy\" title=\"Services\"><\/div><div class=\"uagb-ifb-title-wrap\"><h4 class=\"uagb-ifb-title\">Pneumatics &amp; Hydraulics<\/h4><\/div><p class=\"uagb-ifb-desc\">Projects and assemblies, Corrective and preventive maintenance, Diagnostics and optimizations.<\/p><\/div><\/div>\n\n\n\n<div class=\"wp-block-uagb-info-box uagb-block-15659dce uagb-infobox__content-wrap  uagb-infobox-icon-above-title uagb-infobox-image-valign-top\"><div class=\"uagb-ifb-content\"><div class=\"uagb-ifb-image-content\"><img decoding=\"async\" src=\"https:\/\/dyversusventure.com\/wp-content\/uploads\/2025\/07\/Industrial-Maintenance.jpg\" alt=\"industrial maintenance\" width=\"1920\" height=\"1280\" loading=\"lazy\" title=\"Services\"><\/div><div class=\"uagb-ifb-title-wrap\"><h4 class=\"uagb-ifb-title\">Industrial Maintenance<\/h4><\/div><p class=\"uagb-ifb-desc\">Maintenance contracts, continuous technical support, reduction of downtime, and increased productivity.<\/p><\/div><\/div>\n\n\n\n<div class=\"wp-block-uagb-info-box uagb-block-1855b6b9 uagb-infobox__content-wrap  uagb-infobox-icon-above-title uagb-infobox-image-valign-top\"><div class=\"uagb-ifb-content\"><div class=\"uagb-ifb-image-content\"><img decoding=\"async\" src=\"https:\/\/dyversusventure.com\/wp-content\/uploads\/2025\/07\/Instrumentacao-Industrial-Da-Revolucao-Industrial-a-Era-da-Conectividade.webp\" alt=\"instrumentacao industrial da revolucao industrial a era da conectividade\" width=\"850\" height=\"550\" loading=\"lazy\" title=\"Services\"><\/div><div class=\"uagb-ifb-title-wrap\"><h4 class=\"uagb-ifb-title\">Instrumentation and Automation<\/h4><\/div><p class=\"uagb-ifb-desc\">Control and supervision systems (PLC, SCADA), Integration of sensors and actuators, Remote monitoring<\/p><\/div><\/div>\n\n\n\n<div class=\"wp-block-uagb-info-box uagb-block-9f7240ab uagb-infobox__content-wrap  uagb-infobox-icon-above-title uagb-infobox-image-valign-top\"><div class=\"uagb-ifb-content\"><div class=\"uagb-ifb-image-content\"><img decoding=\"async\" src=\"https:\/\/dyversusventure.com\/wp-content\/uploads\/2025\/07\/rolosdechapasdeao.jpg\" alt=\"rolosdechapasdeao\" width=\"1292\" height=\"859\" loading=\"lazy\" title=\"Services\"><\/div><div class=\"uagb-ifb-title-wrap\"><h4 class=\"uagb-ifb-title\">Technical Trade<\/h4><\/div><p class=\"uagb-ifb-desc\">Industrial components, electrical, pneumatic, and hydraulic equipment, technical acquisition consulting<\/p><\/div><\/div>\n<\/div>\n\n\n\n<div class=\"wp-block-uagb-buttons uagb-buttons__outer-wrap uagb-btn__default-btn uagb-btn-tablet__default-btn uagb-btn-mobile__default-btn uagb-block-c8b8590c\"><div class=\"uagb-buttons__wrap uagb-buttons-layout-wrap\">\n<div class=\"wp-block-uagb-buttons-child uagb-buttons__outer-wrap uagb-block-182585fe wp-block-button\"><div class=\"uagb-button__wrapper\"><a class=\"uagb-buttons-repeater wp-block-button__link\" aria-label=\"\" href=\"#\" rel=\"follow noopener\" target=\"_self\" role=\"button\"><div class=\"uagb-button__link\">Schedule a Consultation<\/div><span class=\"uagb-button__icon uagb-button__icon-position-after\"><svg xmlns=\"https:\/\/www.w3.org\/2000\/svg\" viewbox=\"0 0 448 512\" aria-hidden=\"true\" focussable=\"false\"><path d=\"M438.6 278.6l-160 160C272.4 444.9 264.2 448 256 448s-16.38-3.125-22.62-9.375c-12.5-12.5-12.5-32.75 0-45.25L338.8 288H32C14.33 288 .0016 273.7 .0016 256S14.33 224 32 224h306.8l-105.4-105.4c-12.5-12.5-12.5-32.75 0-45.25s32.75-12.5 45.25 0l160 160C451.1 245.9 451.1 266.1 438.6 278.6z\"><\/path><\/svg><\/span><\/a><\/div><\/div>\n<\/div><\/div>\n<\/div><\/div>\n\n\n\n<div class=\"wp-block-uagb-container uagb-block-3c795e40 alignfull uagb-is-root-container\"><div class=\"uagb-container-inner-blocks-wrap\">\n<div class=\"wp-block-group is-nowrap is-layout-flex wp-container-core-group-is-layout-6c531013 wp-block-group-is-layout-flex\">\n<div class=\"wp-block-uagb-image alignleft uagb-block-90ee0f2e wp-block-uagb-image--layout-default wp-block-uagb-image--effect-static wp-block-uagb-image--align-left\"><figure class=\"wp-block-uagb-image__figure\"><img decoding=\"async\" srcset=\"https:\/\/dyversusventure.com\/wp-content\/uploads\/2025\/07\/5-1024x717.webp ,https:\/\/dyversusventure.com\/wp-content\/uploads\/2025\/07\/5.webp 780w, https:\/\/dyversusventure.com\/wp-content\/uploads\/2025\/07\/5.webp 360w\" sizes=\"auto, (max-width: 480px) 150px\" src=\"https:\/\/dyversusventure.com\/wp-content\/uploads\/2025\/07\/5-1024x717.webp\" alt=\"5\" class=\"uag-image-1213\" width=\"600\" height=\"429\" title=\"5\" loading=\"lazy\" role=\"img\"\/><\/figure><\/div>\n\n\n\n<div class=\"wp-block-uagb-info-box uagb-block-bd72b2fb uagb-infobox__content-wrap  uagb-infobox-icon-above-title uagb-infobox-image-valign-top\"><div class=\"uagb-ifb-content\"><div class=\"uagb-ifb-title-wrap\"><h2 class=\"uagb-ifb-title\">We're here to help! Talk to us today!<\/h2><\/div><div class=\"uagb-ifb-button-wrapper wp-block-button\"><a href=\"tel:+244 941 949 815\" class=\"uagb-infobox-cta-link wp-block-button__link\" target=\"_self\" rel=\"noopener noreferrer\" onclick=\"return true;\"><span class=\"uagb-inline-editing\">+244 941 949 815<\/span><svg xmlns=\"https:\/\/www.w3.org\/2000\/svg\" viewbox=\"0 0 448 512\"><path d=\"M438.6 278.6l-160 160C272.4 444.9 264.2 448 256 448s-16.38-3.125-22.62-9.375c-12.5-12.5-12.5-32.75 0-45.25L338.8 288H32C14.33 288 .0016 273.7 .0016 256S14.33 224 32 224h306.8l-105.4-105.4c-12.5-12.5-12.5-32.75 0-45.25s32.75-12.5 45.25 0l160 160C451.1 245.9 451.1 266.1 438.6 278.6z\"><\/path><\/svg><\/a><\/div><\/div><\/div>\n<\/div>\n<\/div><\/div>\n\n\n\n<div style=\"height:100px\" aria-hidden=\"true\" class=\"wp-block-spacer\"><\/div>","protected":false},"excerpt":{"rendered":"<p>Nossos Servi\u00e7os Oferecemos uma ampla variedade de servi\u00e7os de engenharia, desde repara\u00e7\u00f5es at\u00e9 substitui\u00e7\u00f5es, tanto em instala\u00e7\u00f5es residenciais quanto industriais. Como Podemos Ajuda-lo?<\/p>","protected":false},"author":1,"featured_media":0,"parent":0,"menu_order":0,"comment_status":"closed","ping_status":"closed","template":"","meta":{"inline_featured_image":false,"_uag_custom_page_level_css":"","site-sidebar-layout":"no-sidebar","site-content-layout":"plain-container","ast-site-content-layout":"normal-width-container","site-content-style":"unboxed","site-sidebar-style":"unboxed","ast-global-header-display":"","ast-banner-title-visibility":"","ast-main-header-display":"","ast-hfb-above-header-display":"","ast-hfb-below-header-display":"","ast-hfb-mobile-header-display":"","site-post-title":"disabled","ast-breadcrumbs-content":"","ast-featured-img":"","footer-sml-layout":"","theme-transparent-header-meta":"enabled","adv-header-id-meta":"","stick-header-meta":"","header-above-stick-meta":"","header-main-stick-meta":"","header-below-stick-meta":"","astra-migrate-meta-layouts":"set","ast-page-background-enabled":"default","ast-page-background-meta":{"desktop":{"background-color":"var(--ast-global-color-4)","background-image":"","background-repeat":"repeat","background-position":"center center","background-size":"auto","background-attachment":"scroll","background-type":"","background-media":"","overlay-type":"","overlay-color":"","overlay-opacity":"","overlay-gradient":""},"tablet":{"background-color":"","background-image":"","background-repeat":"repeat","background-position":"center center","background-size":"auto","background-attachment":"scroll","background-type":"","background-media":"","overlay-type":"","overlay-color":"","overlay-opacity":"","overlay-gradient":""},"mobile":{"background-color":"","background-image":"","background-repeat":"repeat","background-position":"center center","background-size":"auto","background-attachment":"scroll","background-type":"","background-media":"","overlay-type":"","overlay-color":"","overlay-opacity":"","overlay-gradient":""}},"ast-content-background-meta":{"desktop":{"background-color":"var(--ast-global-color-5)","background-image":"","background-repeat":"repeat","background-position":"center center","background-size":"auto","background-attachment":"scroll","background-type":"","background-media":"","overlay-type":"","overlay-color":"","overlay-opacity":"","overlay-gradient":""},"tablet":{"background-color":"var(--ast-global-color-5)","background-image":"","background-repeat":"repeat","background-position":"center center","background-size":"auto","background-attachment":"scroll","background-type":"","background-media":"","overlay-type":"","overlay-color":"","overlay-opacity":"","overlay-gradient":""},"mobile":{"background-color":"var(--ast-global-color-5)","background-image":"","background-repeat":"repeat","background-position":"center center","background-size":"auto","background-attachment":"scroll","background-type":"","background-media":"","overlay-type":"","overlay-color":"","overlay-opacity":"","overlay-gradient":""}},"footnotes":""},"class_list":["post-361","page","type-page","status-publish","hentry"],"uagb_featured_image_src":{"full":false,"thumbnail":false,"medium":false,"medium_large":false,"large":false,"1536x1536":false,"2048x2048":false,"trp-custom-language-flag":false},"uagb_author_info":{"display_name":"henriquelatino00@gmail.com","author_link":"https:\/\/dyversusventure.com\/en\/author\/henriquelatino00gmail-com\/"},"uagb_comment_info":0,"uagb_excerpt":"Nossos Servi\u00e7os Oferecemos uma ampla variedade de servi\u00e7os de engenharia, desde repara\u00e7\u00f5es at\u00e9 substitui\u00e7\u00f5es, tanto em instala\u00e7\u00f5es residenciais quanto industriais. Como Podemos Ajuda-lo?","_links":{"self":[{"href":"https:\/\/dyversusventure.com\/en\/wp-json\/wp\/v2\/pages\/361","targetHints":{"allow":["GET"]}}],"collection":[{"href":"https:\/\/dyversusventure.com\/en\/wp-json\/wp\/v2\/pages"}],"about":[{"href":"https:\/\/dyversusventure.com\/en\/wp-json\/wp\/v2\/types\/page"}],"author":[{"embeddable":true,"href":"https:\/\/dyversusventure.com\/en\/wp-json\/wp\/v2\/users\/1"}],"replies":[{"embeddable":true,"href":"https:\/\/dyversusventure.com\/en\/wp-json\/wp\/v2\/comments?post=361"}],"version-history":[{"count":10,"href":"https:\/\/dyversusventure.com\/en\/wp-json\/wp\/v2\/pages\/361\/revisions"}],"predecessor-version":[{"id":1315,"href":"https:\/\/dyversusventure.com\/en\/wp-json\/wp\/v2\/pages\/361\/revisions\/1315"}],"wp:attachment":[{"href":"https:\/\/dyversusventure.com\/en\/wp-json\/wp\/v2\/media?parent=361"}],"curies":[{"name":"wp","href":"https:\/\/api.w.org\/{rel}","templated":true}]}}